{"id":422,"date":"2021-02-16T11:44:42","date_gmt":"2021-02-16T11:44:42","guid":{"rendered":"https:\/\/demosites.io\/neve-3\/?page_id=46"},"modified":"2024-04-03T19:04:37","modified_gmt":"2024-04-03T19:04:37","slug":"7b3c2-homepage","status":"publish","type":"page","link":"https:\/\/redeicsabadr.hu\/wordpress\/","title":{"rendered":"Homepage"},"content":{"rendered":"\n<div class=\"wp-block-cover alignfull has-parallax\" style=\"min-height:432px;aspect-ratio:unset;\"><span aria-hidden=\"true\" class=\"wp-block-cover__background has-background-dim-60 has-background-dim wp-block-cover__gradient-background has-background-gradient\" style=\"background:linear-gradient(135deg,rgb(10,10,19) 0%,rgb(40,116,252) 100%)\"><\/span><div role=\"img\" class=\"wp-block-cover__image-background wp-image-441 has-parallax\" style=\"background-position:50% 50%;background-image:url(https:\/\/redeicsabadr.hu\/wordpress\/wp-content\/uploads\/2024\/03\/pexels-pixabay-40568-scaled.jpg)\"><\/div><div class=\"wp-block-cover__inner-container is-layout-flow wp-block-cover-is-layout-flow\">\n<div style=\"height:40px\" aria-hidden=\"true\" class=\"wp-block-spacer\"><\/div>\n<\/div><\/div>\n\n\n\n<div class=\"wp-block-columns is-layout-flex wp-container-core-columns-is-layout-48e9cc5b wp-block-columns-is-layout-flex\" style=\"padding-top:var(--wp--preset--spacing--70);padding-bottom:var(--wp--preset--spacing--70)\">\n<div class=\"wp-block-column is-vertically-aligned-center is-layout-flow wp-block-column-is-layout-flow\"><div class=\"wp-block-image is-style-rounded animated fadeIn\">\n<figure class=\"aligncenter size-medium has-custom-border\"><img loading=\"lazy\" decoding=\"async\" width=\"225\" height=\"300\" src=\"https:\/\/redeicsabadr.hu\/wordpress\/wp-content\/uploads\/2017\/05\/R\u00e9dei-Csaba-Dr..-225x300.jpg\" alt=\"\" class=\"wp-image-129\" style=\"border-style:none;border-width:0px;border-radius:100px\" srcset=\"https:\/\/redeicsabadr.hu\/wordpress\/wp-content\/uploads\/2017\/05\/R\u00e9dei-Csaba-Dr..-225x300.jpg 225w, https:\/\/redeicsabadr.hu\/wordpress\/wp-content\/uploads\/2017\/05\/R\u00e9dei-Csaba-Dr..-768x1024.jpg 768w, https:\/\/redeicsabadr.hu\/wordpress\/wp-content\/uploads\/2017\/05\/R\u00e9dei-Csaba-Dr...jpg 1536w\" sizes=\"auto, (max-width: 225px) 100vw, 225px\" \/><\/figure>\n<\/div><\/div>\n\n\n\n<div class=\"wp-block-column is-vertically-aligned-center is-layout-flow wp-block-column-is-layout-flow\">\n<h2 class=\"wp-block-heading animated slideInDown\">\u00dcDV\u00d6ZL\u00d6M A HONLAPOMON!<\/h2>\n\n\n\n<p class=\"has-text-align-left animated slideInUp\" style=\"font-size:16px\"><strong>Dr. R\u00e9dei Csaba<\/strong> belgy\u00f3gy\u00e1sz-, gasztroenterol\u00f3gus vagyok.<\/p>\n\n\n\n<div id=\"wp-block-themeisle-blocks-icon-list-abef2389\" class=\"wp-block-themeisle-blocks-icon-list animated fadeIn\">\n<div id=\"wp-block-themeisle-blocks-icon-list-item-a6119652\" class=\"wp-block-themeisle-blocks-icon-list-item\"><i class=\"fas fa-user wp-block-themeisle-blocks-icon-list-item-icon\"><\/i><p class=\"wp-block-themeisle-blocks-icon-list-item-content\">1975. december 14-\u00e9n sz\u00fclettem.<\/p><\/div>\n\n\n\n<div id=\"wp-block-themeisle-blocks-icon-list-item-d3426569\" class=\"wp-block-themeisle-blocks-icon-list-item\"><i class=\"fas fa-university wp-block-themeisle-blocks-icon-list-item-icon\"><\/i><p class=\"wp-block-themeisle-blocks-icon-list-item-content\">2000-ben avattak orvoss\u00e1 a <strong>Budapesti Semmelweis Egyetemen<\/strong>.<\/p><\/div>\n\n\n\n<div id=\"wp-block-themeisle-blocks-icon-list-item-a8c80db8\" class=\"wp-block-themeisle-blocks-icon-list-item\"><i class=\"fas fa-medkit wp-block-themeisle-blocks-icon-list-item-icon\"><\/i><p class=\"wp-block-themeisle-blocks-icon-list-item-content\">2006-ban <strong>belgy\u00f3gy\u00e1szati<\/strong>, 2008-ban <strong>gasztroenterol\u00f3giai<\/strong> szakvizsg\u00e1t tettem.<\/p><\/div>\n<\/div>\n\n\n\n<div class=\"wp-block-buttons is-layout-flex wp-block-buttons-is-layout-flex\">\n<div class=\"wp-block-button is-style-primary\"><a class=\"wp-block-button__link wp-element-button\" href=\"https:\/\/redeicsabadr.hu\/wordpress\/elerhetoseg\/\" style=\"border-radius:0px;border-top-width:30px;padding-top:var(--wp--preset--spacing--30);padding-bottom:var(--wp--preset--spacing--30)\">EL\u00c9RHET\u0150S\u00c9G<\/a><\/div>\n<\/div>\n<\/div>\n<\/div>\n","protected":false},"excerpt":{"rendered":"<p>\u00dcDV\u00d6ZL\u00d6M A HONLAPOMON! Dr. R\u00e9dei Csaba belgy\u00f3gy\u00e1sz-, gasztroenterol\u00f3gus vagyok.<\/p>\n","protected":false},"author":1,"featured_media":0,"parent":0,"menu_order":0,"comment_status":"closed","ping_status":"closed","template":"","meta":{"neve_meta_sidebar":"full-width","neve_meta_container":"contained","neve_meta_enable_content_width":"on","neve_meta_content_width":100,"neve_meta_title_alignment":"","neve_meta_author_avatar":"","neve_post_elements_order":"","neve_meta_disable_header":"","neve_meta_disable_footer":"","neve_meta_disable_title":"on","_themeisle_gutenberg_block_has_review":false,"footnotes":""},"yst_prominent_words":[],"class_list":["post-422","page","type-page","status-publish","hentry"],"_links":{"self":[{"href":"https:\/\/redeicsabadr.hu\/wordpress\/wp-json\/wp\/v2\/pages\/422","targetHints":{"allow":["GET"]}}],"collection":[{"href":"https:\/\/redeicsabadr.hu\/wordpress\/wp-json\/wp\/v2\/pages"}],"about":[{"href":"https:\/\/redeicsabadr.hu\/wordpress\/wp-json\/wp\/v2\/types\/page"}],"author":[{"embeddable":true,"href":"https:\/\/redeicsabadr.hu\/wordpress\/wp-json\/wp\/v2\/users\/1"}],"replies":[{"embeddable":true,"href":"https:\/\/redeicsabadr.hu\/wordpress\/wp-json\/wp\/v2\/comments?post=422"}],"version-history":[{"count":12,"href":"https:\/\/redeicsabadr.hu\/wordpress\/wp-json\/wp\/v2\/pages\/422\/revisions"}],"predecessor-version":[{"id":507,"href":"https:\/\/redeicsabadr.hu\/wordpress\/wp-json\/wp\/v2\/pages\/422\/revisions\/507"}],"wp:attachment":[{"href":"https:\/\/redeicsabadr.hu\/wordpress\/wp-json\/wp\/v2\/media?parent=422"}],"wp:term":[{"taxonomy":"yst_prominent_words","embeddable":true,"href":"https:\/\/redeicsabadr.hu\/wordpress\/wp-json\/wp\/v2\/yst_prominent_words?post=422"}],"curies":[{"name":"wp","href":"https:\/\/api.w.org\/{rel}","templated":true}]}}