{"id":27,"date":"2017-05-19T15:01:19","date_gmt":"2017-05-19T15:01:19","guid":{"rendered":"http:\/\/redeicsabadr.hu\/wordpress\/?page_id=27"},"modified":"2024-04-03T19:12:57","modified_gmt":"2024-04-03T19:12:57","slug":"elerhetoseg","status":"publish","type":"page","link":"https:\/\/redeicsabadr.hu\/wordpress\/elerhetoseg\/","title":{"rendered":"El\u00e9rhet\u0151s\u00e9g"},"content":{"rendered":"\n<p class=\"has-medium-font-size\"><strong>F\u0151\u00e1ll\u00e1s\u00fa munkahelyem:<br>Buda\u00f6rsi Eg\u00e9szs\u00e9g\u00fcgyi K\u00f6zpont Gasztroenterol\u00f3giai Szakrendel\u00e9s<\/strong><\/p>\n\n\n\n<p>C\u00edm: 2040 Buda\u00f6rs, Kossuth Lajos u. 9.<br>Telefon: <a href=\"tel:+3623445480\">+36-23 \/ 445-480<\/a>, <a href=\"tel:+3623445481\">+36-23 \/ 445-481<\/a><\/p>\n\n\n\n<div id=\"wp-block-themeisle-blocks-slider-996e824d\" class=\"wp-block-themeisle-blocks-slider glide\" data-per-view=\"2\" data-gap=\"0\" data-peek=\"0\" data-autoplay=\"true\" data-height=\"400px\" data-hide-arrows=\"false\"><div class=\"glide__track\" data-glide-el=\"track\"><div class=\"glide__slides\"><div class=\"wp-block-themeisle-blocks-slider-item-wrapper glide__slide\" tabindex=\"0\"><figure><img decoding=\"async\" class=\"wp-block-themeisle-blocks-slider-item\" src=\"http:\/\/redeicsabadr.hu\/wordpress\/wp-content\/uploads\/2017\/05\/IMG_9172.jpg\" alt=\"\" title=\"\" data-id=\"136\"\/><\/figure><\/div><div class=\"wp-block-themeisle-blocks-slider-item-wrapper glide__slide\" tabindex=\"0\"><figure><img decoding=\"async\" class=\"wp-block-themeisle-blocks-slider-item\" src=\"http:\/\/redeicsabadr.hu\/wordpress\/wp-content\/uploads\/2017\/05\/IMG_9163.jpg\" alt=\"\" title=\"\" data-id=\"135\"\/><\/figure><\/div><div class=\"wp-block-themeisle-blocks-slider-item-wrapper glide__slide\" tabindex=\"0\"><figure><img decoding=\"async\" class=\"wp-block-themeisle-blocks-slider-item\" src=\"http:\/\/redeicsabadr.hu\/wordpress\/wp-content\/uploads\/2017\/05\/IMG_9158.jpg\" alt=\"\" title=\"\" data-id=\"134\"\/><\/figure><\/div><\/div><\/div><\/div>\n\n\n\n<p><\/p>\n\n\n\n<p class=\"has-medium-font-size\"><strong>Mag\u00e1nrendel\u00e9sem:<br>Professional Orvosi Kft. angol-magyar vegyesv\u00e1llalat<\/strong><\/p>\n\n\n\n<p>Rendel\u00e9si id\u0151: H\u00e9tf\u0151i napokon: 8-12 \u00f3ra k\u00f6z\u00f6tt, p\u00e9nteki napokon: 8-18 \u00f3ra k\u00f6z\u00f6tt<\/p>\n\n\n\n<p>C\u00edm: 1037, Budapest, B\u00e9csi \u00fat 85. (Nagyszombat u. sarok), IV. em. 1. (\u201eszemben az Amfite\u00e1trummal\u201d)<\/p>\n\n\n\n<p>Telefon: <a href=\"tel:+3613170631\">+36-1 \/ 317-06- 31<\/a>, <a href=\"tel:+36209511615\">+36-20 \/ 9511-615<\/a><br>E-mail: <a href=\"mailto:info@professionalrendelo.hu\" target=\"_blank\" rel=\"noopener noreferrer\">info@professionalrendelo.hu<\/a><\/p>\n\n\n\n<p>Professional Orvosi kft. honlapja: <a href=\"http:\/\/www.professionalrendelo.hu\">www.professionalrendelo.hu<\/a><\/p>\n\n\n\n<p><iframe loading=\"lazy\" style=\"border: 0;\" src=\"https:\/\/www.google.com\/maps\/embed?pb=!1m18!1m12!1m3!1d2693.847137373687!2d19.035143315233082!3d47.531838979179796!2m3!1f0!2f0!3f0!3m2!1i1024!2i768!4f13.1!3m3!1m2!1s0x4741d957544bf9e5%3A0x6265a9403973ad93!2zQnVkYXBlc3QsIELDqWNzaSDDunQgODUsIDEwMzY!5e0!3m2!1shu!2shu!4v1495231096009\" width=\"100%\" height=\"450\" frameborder=\"0\"><\/iframe><\/p>\n\n\n\n<p><strong>Megk\u00f6zel\u00edt\u00e9s<\/strong><br>Megk\u00f6zel\u00edthet\u0151 a Margit h\u00edd budai h\u00eddf\u0151j\u00e9t\u0151l a 17-es, 19-es, illetve 41-es villamossal, a Nyugati p.u.-t\u00f3l a 9-es, a Batthy\u00e1nyi t\u00e9rr\u0151l a 109-es aut\u00f3busszal, a Nagyszombat utcai meg\u00e1ll\u00f3ig.<\/p>\n\n\n\n<p><\/p>\n\n\n\n<p><\/p>\n","protected":false},"excerpt":{"rendered":"<p>F\u0151\u00e1ll\u00e1s\u00fa munkahelyem:Buda\u00f6rsi Eg\u00e9szs\u00e9g\u00fcgyi K\u00f6zpont Gasztroenterol\u00f3giai Szakrendel\u00e9s C\u00edm: 2040 Buda\u00f6rs, Kossuth Lajos u. 9.Telefon: +36-23 \/ 445-480, +36-23 \/ 445-481 Mag\u00e1nrendel\u00e9sem:Professional Orvosi Kft. angol-magyar vegyesv\u00e1llalat Rendel\u00e9si id\u0151: H\u00e9tf\u0151i napokon: 8-12 \u00f3ra k\u00f6z\u00f6tt, p\u00e9nteki napokon: 8-18 \u00f3ra k\u00f6z\u00f6tt C\u00edm: 1037, Budapest, B\u00e9csi \u00fat 85. (Nagyszombat u. sarok), IV. em. 1. (\u201eszemben az Amfite\u00e1trummal\u201d) Telefon: +36-1 \/ 317-06-&hellip;&nbsp;<a href=\"https:\/\/redeicsabadr.hu\/wordpress\/elerhetoseg\/\" rel=\"bookmark\">Read More &raquo;<span class=\"screen-reader-text\">El\u00e9rhet\u0151s\u00e9g<\/span><\/a><\/p>\n","protected":false},"author":1,"featured_media":0,"parent":0,"menu_order":0,"comment_status":"closed","ping_status":"closed","template":"","meta":{"neve_meta_sidebar":"","neve_meta_container":"","neve_meta_enable_content_width":"","neve_meta_content_width":0,"neve_meta_title_alignment":"","neve_meta_author_avatar":"","neve_post_elements_order":"","neve_meta_disable_header":"","neve_meta_disable_footer":"","neve_meta_disable_title":"","_themeisle_gutenberg_block_has_review":false,"footnotes":""},"yst_prominent_words":[],"class_list":["post-27","page","type-page","status-publish","hentry"],"_links":{"self":[{"href":"https:\/\/redeicsabadr.hu\/wordpress\/wp-json\/wp\/v2\/pages\/27","targetHints":{"allow":["GET"]}}],"collection":[{"href":"https:\/\/redeicsabadr.hu\/wordpress\/wp-json\/wp\/v2\/pages"}],"about":[{"href":"https:\/\/redeicsabadr.hu\/wordpress\/wp-json\/wp\/v2\/types\/page"}],"author":[{"embeddable":true,"href":"https:\/\/redeicsabadr.hu\/wordpress\/wp-json\/wp\/v2\/users\/1"}],"replies":[{"embeddable":true,"href":"https:\/\/redeicsabadr.hu\/wordpress\/wp-json\/wp\/v2\/comments?post=27"}],"version-history":[{"count":38,"href":"https:\/\/redeicsabadr.hu\/wordpress\/wp-json\/wp\/v2\/pages\/27\/revisions"}],"predecessor-version":[{"id":511,"href":"https:\/\/redeicsabadr.hu\/wordpress\/wp-json\/wp\/v2\/pages\/27\/revisions\/511"}],"wp:attachment":[{"href":"https:\/\/redeicsabadr.hu\/wordpress\/wp-json\/wp\/v2\/media?parent=27"}],"wp:term":[{"taxonomy":"yst_prominent_words","embeddable":true,"href":"https:\/\/redeicsabadr.hu\/wordpress\/wp-json\/wp\/v2\/yst_prominent_words?post=27"}],"curies":[{"name":"wp","href":"https:\/\/api.w.org\/{rel}","templated":true}]}}